{"id":2007,"date":"2023-05-17T08:52:03","date_gmt":"2023-05-17T08:52:03","guid":{"rendered":"https:\/\/atasanat.com.tr\/?post_type=product&#038;p=2007"},"modified":"2023-05-17T08:52:03","modified_gmt":"2023-05-17T08:52:03","slug":"sta-type","status":"publish","type":"product","link":"https:\/\/atasanat.com.tr\/en\/product\/sta-type\/","title":{"rendered":"STA TYPE"},"content":{"rendered":"","protected":false},"excerpt":{"rendered":"<ul>\n<li>Lepidoptera, k\u0131rm\u0131z\u0131 \u00f6r\u00fcmcek, nematod, trips ve yaprak biti t\u00fcrleri \u00fczerinde bask\u0131nl\u0131k sa\u011flay\u0131p repellent \u00f6zelli\u011fe sahiptir.<\/li>\n<li>Bitkinin sa\u011fl\u0131kl\u0131 geli\u015fmesini sa\u011flar.<\/li>\n<li>Polen miktar\u0131nda art\u0131\u015f sa\u011flar.<\/li>\n<li>\u0130\u00e7erdi\u011fi y\u00fcksek organik madde bir\u00e7ok reaksiyondan ge\u00e7erek \u00fcretilmi\u015ftir.<\/li>\n<\/ul>","protected":false},"featured_media":2008,"comment_status":"open","ping_status":"closed","template":"","meta":[],"product_cat":[24],"product_tag":[],"class_list":["post-2007","product","type-product","status-publish","has-post-thumbnail","hentry","product_cat-gubre","align-left","box-shadow-0","box-shadow-0-hover","ast-product-gallery-layout-horizontal","ast-product-gallery-with-no-image","ast-product-tabs-layout-horizontal"],"_links":{"self":[{"href":"https:\/\/atasanat.com.tr\/en\/wp-json\/wp\/v2\/product\/2007","targetHints":{"allow":["GET"]}}],"collection":[{"href":"https:\/\/atasanat.com.tr\/en\/wp-json\/wp\/v2\/product"}],"about":[{"href":"https:\/\/atasanat.com.tr\/en\/wp-json\/wp\/v2\/types\/product"}],"replies":[{"embeddable":true,"href":"https:\/\/atasanat.com.tr\/en\/wp-json\/wp\/v2\/comments?post=2007"}],"wp:featuredmedia":[{"embeddable":true,"href":"https:\/\/atasanat.com.tr\/en\/wp-json\/wp\/v2\/media\/2008"}],"wp:attachment":[{"href":"https:\/\/atasanat.com.tr\/en\/wp-json\/wp\/v2\/media?parent=2007"}],"wp:term":[{"taxonomy":"product_cat","embeddable":true,"href":"https:\/\/atasanat.com.tr\/en\/wp-json\/wp\/v2\/product_cat?post=2007"},{"taxonomy":"product_tag","embeddable":true,"href":"https:\/\/atasanat.com.tr\/en\/wp-json\/wp\/v2\/product_tag?post=2007"}],"curies":[{"name":"wp","href":"https:\/\/api.w.org\/{rel}","templated":true}]}}