{"id":2005,"date":"2023-05-17T08:44:02","date_gmt":"2023-05-17T08:44:02","guid":{"rendered":"https:\/\/atasanat.com.tr\/?post_type=product&#038;p=2005"},"modified":"2023-05-17T08:44:03","modified_gmt":"2023-05-17T08:44:03","slug":"sta-nmkap","status":"publish","type":"product","link":"https:\/\/atasanat.com.tr\/en\/product\/sta-nmkap\/","title":{"rendered":"STA NMKAP"},"content":{"rendered":"","protected":false},"excerpt":{"rendered":"<ul>\n<li>Azot kayna\u011f\u0131 olarak nitratt\u0131r. \u00c7ok h\u0131zl\u0131 bir \u015fekilde bitkinin azot ihtiyac\u0131n\u0131 kar\u015f\u0131lar.<\/li>\n<li>\u0130\u00e7eri\u011findeki fosfor sayesinde k\u00f6k ve \u00e7i\u00e7ek geli\u015fimini h\u0131zland\u0131r\u0131r.<\/li>\n<li>Nitrat formundaki potasyumla renk ve dolgunluk sa\u011flaman\u0131n yan\u0131 s\u0131ra su stresine dayan\u0131m\u0131n\u0131 artt\u0131r\u0131r.<\/li>\n<li>Y\u00fcksek oranda al\u0131nabilir formda kalsiyum nitrat i\u00e7erir. \u0130\u00e7erdi\u011fi kalsiyum sayesinde hastal\u0131klara dayan\u0131m\u0131 artar, meyve \u00e7atlamas\u0131 azal\u0131r, \u00fcr\u00fcn parlakl\u0131\u011f\u0131 artar.<\/li>\n<li>Magnezyum nitrat i\u00e7erir. \u0130\u00e7erdi\u011fi magnezyum nitrattan dolay\u0131 ya\u015fl\u0131 yapraklar koyu renk verir. Topraktaki fosforun kullan\u0131m miktar\u0131n\u0131 artt\u0131r\u0131r. Ba\u011fl\u0131 bulunan fosforun \u00e7\u00f6z\u00fclmesini sa\u011flar.<\/li>\n<li>Y\u00fcksek fotosentezden dolay\u0131 geli\u015fim ve verimde art\u0131\u015f sa\u011flar.<\/li>\n<li>Ekonomiktir.<\/li>\n<\/ul>","protected":false},"featured_media":2006,"comment_status":"open","ping_status":"closed","template":"","meta":[],"product_cat":[24],"product_tag":[],"class_list":["post-2005","product","type-product","status-publish","has-post-thumbnail","hentry","product_cat-gubre","align-left","box-shadow-0","box-shadow-0-hover","ast-product-gallery-layout-horizontal","ast-product-gallery-with-no-image","ast-product-tabs-layout-horizontal"],"_links":{"self":[{"href":"https:\/\/atasanat.com.tr\/en\/wp-json\/wp\/v2\/product\/2005","targetHints":{"allow":["GET"]}}],"collection":[{"href":"https:\/\/atasanat.com.tr\/en\/wp-json\/wp\/v2\/product"}],"about":[{"href":"https:\/\/atasanat.com.tr\/en\/wp-json\/wp\/v2\/types\/product"}],"replies":[{"embeddable":true,"href":"https:\/\/atasanat.com.tr\/en\/wp-json\/wp\/v2\/comments?post=2005"}],"wp:featuredmedia":[{"embeddable":true,"href":"https:\/\/atasanat.com.tr\/en\/wp-json\/wp\/v2\/media\/2006"}],"wp:attachment":[{"href":"https:\/\/atasanat.com.tr\/en\/wp-json\/wp\/v2\/media?parent=2005"}],"wp:term":[{"taxonomy":"product_cat","embeddable":true,"href":"https:\/\/atasanat.com.tr\/en\/wp-json\/wp\/v2\/product_cat?post=2005"},{"taxonomy":"product_tag","embeddable":true,"href":"https:\/\/atasanat.com.tr\/en\/wp-json\/wp\/v2\/product_tag?post=2005"}],"curies":[{"name":"wp","href":"https:\/\/api.w.org\/{rel}","templated":true}]}}