{"id":1903,"date":"2022-07-05T11:30:23","date_gmt":"2022-07-05T11:30:23","guid":{"rendered":"https:\/\/atasanat.com.tr\/?post_type=product&#038;p=1903"},"modified":"2022-07-05T11:30:23","modified_gmt":"2022-07-05T11:30:23","slug":"sta-potastech","status":"publish","type":"product","link":"https:\/\/atasanat.com.tr\/en\/product\/sta-potastech\/","title":{"rendered":"STA POTASTECH"},"content":{"rendered":"","protected":false},"excerpt":{"rendered":"<p>Meyveleri dengeli b\u00fcy\u00fct\u00fcrken;<\/p>\n<ul>\n<li>Olgunla\u015fmay\u0131 h\u0131zland\u0131r\u0131r.<\/li>\n<li>Canl\u0131 \u00e7i\u00e7ek olu\u015fumunu te\u015fvik eder.<\/li>\n<li>K\u00fc\u00e7\u00fck \u00e7i\u00e7ek ve meyve d\u00f6k\u00fcm\u00fcn\u00fc \u00f6nler.<\/li>\n<li>Bitkiyi ya\u015fland\u0131rmadan aktif \u00e7al\u0131\u015fma h\u0131z\u0131n\u0131 artt\u0131r\u0131r.<\/li>\n<li>Meyve renginde canl\u0131l\u0131k verir ve albenisini artt\u0131r\u0131r.<\/li>\n<li>Kilo (hektolitre) art\u0131\u015f\u0131 sa\u011flar.<\/li>\n<li>L &#8211; D formundaki \u00f6zel aminoasit kompleksiyle bitkinin ye\u015fil aksam\u0131nda geli\u015fme sa\u011flar.<\/li>\n<li>S\u0131cak-so\u011fuk ve kurak performans\u0131 y\u00fcksektir.<\/li>\n<li>Klorofil miktar\u0131nda art\u0131\u015f sa\u011flar.<\/li>\n<li>Ya\u015fl\u0131 yapraklarda koyu renk olu\u015fturur.<\/li>\n<\/ul>\n<p>POTASYUM D\u0130KKATL\u0130 KULLANILMASI GEREKEN B\u0130R B\u0130TK\u0130 BESLEME \u00dcR\u00dcN\u00dcD\u00dcR.<\/p>\n<p>Potasyum tek ba\u015f\u0131na kullan\u0131ld\u0131\u011f\u0131nda h\u0131zl\u0131 olgunla\u015fma, i\u00e7 dolgunlu\u011fu sa\u011flar (P. Nitrat k\u0131smen hari\u00e7) . Bu baz\u0131 d\u00f6nemlerde istenilen bir \u00f6zelliktir. \u00d6rne\u011fin; kas\u0131m aylar\u0131nda don vurmadan meyvelerin h\u0131zl\u0131 olgunla\u015fmas\u0131 istenilir. Potasyum s\u00fclfat, tio s\u00fclfat, poli s\u00fclfat gibi i\u00e7erikler ya\u015fl\u0131l\u0131k hormonunu (etilen salg\u0131 miktar\u0131n\u0131 ) artt\u0131rarak \u00e7i\u00e7ek ve k\u00fc\u00e7\u00fck meyve d\u00f6k\u00fcm\u00fcne sebep olur. Meyve b\u00fcy\u00fcmesini durdurarak h\u0131zl\u0131 olgunla\u015fma sa\u011flayan gruplara \u00f6rnektir.<\/p>","protected":false},"featured_media":1904,"comment_status":"open","ping_status":"closed","template":"","meta":[],"product_cat":[24],"product_tag":[],"class_list":["post-1903","product","type-product","status-publish","has-post-thumbnail","hentry","product_cat-gubre","align-left","box-shadow-0","box-shadow-0-hover","ast-product-gallery-layout-horizontal","ast-product-gallery-with-no-image","ast-product-tabs-layout-horizontal"],"_links":{"self":[{"href":"https:\/\/atasanat.com.tr\/en\/wp-json\/wp\/v2\/product\/1903","targetHints":{"allow":["GET"]}}],"collection":[{"href":"https:\/\/atasanat.com.tr\/en\/wp-json\/wp\/v2\/product"}],"about":[{"href":"https:\/\/atasanat.com.tr\/en\/wp-json\/wp\/v2\/types\/product"}],"replies":[{"embeddable":true,"href":"https:\/\/atasanat.com.tr\/en\/wp-json\/wp\/v2\/comments?post=1903"}],"wp:featuredmedia":[{"embeddable":true,"href":"https:\/\/atasanat.com.tr\/en\/wp-json\/wp\/v2\/media\/1904"}],"wp:attachment":[{"href":"https:\/\/atasanat.com.tr\/en\/wp-json\/wp\/v2\/media?parent=1903"}],"wp:term":[{"taxonomy":"product_cat","embeddable":true,"href":"https:\/\/atasanat.com.tr\/en\/wp-json\/wp\/v2\/product_cat?post=1903"},{"taxonomy":"product_tag","embeddable":true,"href":"https:\/\/atasanat.com.tr\/en\/wp-json\/wp\/v2\/product_tag?post=1903"}],"curies":[{"name":"wp","href":"https:\/\/api.w.org\/{rel}","templated":true}]}}