{"id":1883,"date":"2022-05-17T08:54:32","date_gmt":"2022-05-17T08:54:32","guid":{"rendered":"https:\/\/atasanat.com.tr\/?post_type=product&#038;p=1883"},"modified":"2022-05-17T08:54:32","modified_gmt":"2022-05-17T08:54:32","slug":"promicuaje","status":"publish","type":"product","link":"https:\/\/atasanat.com.tr\/en\/product\/promicuaje\/","title":{"rendered":"PROM\u0130CUAJE"},"content":{"rendered":"","protected":false},"excerpt":{"rendered":"<ul>\n<li>\u00c7i\u00e7eklenme i\u00e7in verildi\u011finde h\u00fccre b\u00f6l\u00fcnmesini artt\u0131r\u0131r ve daha dolgun meyveler ortaya \u00e7\u0131kar. \u00c7i\u00e7ek olu\u015fumunu artt\u0131r\u0131r ve bu \u00e7i\u00e7eklerin y\u00fcksek oranda tutmas\u0131n\u0131 sa\u011flar.<\/li>\n<li>Y\u00fcksek fosfor i\u00e7eri\u011fi sayesinde bitkilerde enerji transferi sa\u011flayan ATP olu\u015fumunda aktif rol oynar.<\/li>\n<li>\u0130\u00e7eri\u011finde bulunan natural hormonlar sayesinde \u00e7i\u00e7eklerin meyveye d\u00f6n\u00fc\u015fmesini sa\u011flar. Bo\u011fum aralar\u0131n\u0131 k\u0131salt\u0131r.<\/li>\n<\/ul>","protected":false},"featured_media":0,"comment_status":"open","ping_status":"closed","template":"","meta":[],"product_cat":[24],"product_tag":[],"class_list":["post-1883","product","type-product","status-publish","hentry","product_cat-gubre","align-left","box-shadow-0","box-shadow-0-hover","ast-product-gallery-layout-horizontal","ast-product-gallery-with-no-image","ast-product-tabs-layout-horizontal"],"_links":{"self":[{"href":"https:\/\/atasanat.com.tr\/en\/wp-json\/wp\/v2\/product\/1883","targetHints":{"allow":["GET"]}}],"collection":[{"href":"https:\/\/atasanat.com.tr\/en\/wp-json\/wp\/v2\/product"}],"about":[{"href":"https:\/\/atasanat.com.tr\/en\/wp-json\/wp\/v2\/types\/product"}],"replies":[{"embeddable":true,"href":"https:\/\/atasanat.com.tr\/en\/wp-json\/wp\/v2\/comments?post=1883"}],"wp:attachment":[{"href":"https:\/\/atasanat.com.tr\/en\/wp-json\/wp\/v2\/media?parent=1883"}],"wp:term":[{"taxonomy":"product_cat","embeddable":true,"href":"https:\/\/atasanat.com.tr\/en\/wp-json\/wp\/v2\/product_cat?post=1883"},{"taxonomy":"product_tag","embeddable":true,"href":"https:\/\/atasanat.com.tr\/en\/wp-json\/wp\/v2\/product_tag?post=1883"}],"curies":[{"name":"wp","href":"https:\/\/api.w.org\/{rel}","templated":true}]}}