{"id":1797,"date":"2022-05-12T08:50:58","date_gmt":"2022-05-12T08:50:58","guid":{"rendered":"https:\/\/atasanat.com.tr\/?post_type=product&#038;p=1797"},"modified":"2022-05-12T08:50:58","modified_gmt":"2022-05-12T08:50:58","slug":"crypto-znb","status":"publish","type":"product","link":"https:\/\/atasanat.com.tr\/en\/product\/crypto-znb\/","title":{"rendered":"CRYPTO ZNB"},"content":{"rendered":"","protected":false},"excerpt":{"rendered":"<ul>\n<li>\u00c7i\u00e7eklenme d\u00f6neminde Crypto ZnB&#8217;nin \u00f6zel kar\u0131\u015f\u0131m\u0131 ve destekleyici aktivat\u00f6rleri sayesinde h\u0131zl\u0131 ta\u015f\u0131nmas\u0131yla polen olu\u015fumunu art\u0131r\u0131c\u0131 \u00f6zelli\u011fine sahiptir.<\/li>\n<li>\u015eeker olu\u015fumunda ve \u00f6zellikle yumrulu bitkilerde \u00f6z bo\u015flu\u011fu yaratmamas\u0131 i\u00e7in kullan\u0131l\u0131r.<\/li>\n<\/ul>","protected":false},"featured_media":1798,"comment_status":"open","ping_status":"closed","template":"","meta":[],"product_cat":[24],"product_tag":[],"class_list":["post-1797","product","type-product","status-publish","has-post-thumbnail","hentry","product_cat-gubre","align-left","box-shadow-0","box-shadow-0-hover","ast-product-gallery-layout-horizontal","ast-product-gallery-with-no-image","ast-product-tabs-layout-horizontal"],"_links":{"self":[{"href":"https:\/\/atasanat.com.tr\/en\/wp-json\/wp\/v2\/product\/1797","targetHints":{"allow":["GET"]}}],"collection":[{"href":"https:\/\/atasanat.com.tr\/en\/wp-json\/wp\/v2\/product"}],"about":[{"href":"https:\/\/atasanat.com.tr\/en\/wp-json\/wp\/v2\/types\/product"}],"replies":[{"embeddable":true,"href":"https:\/\/atasanat.com.tr\/en\/wp-json\/wp\/v2\/comments?post=1797"}],"wp:featuredmedia":[{"embeddable":true,"href":"https:\/\/atasanat.com.tr\/en\/wp-json\/wp\/v2\/media\/1798"}],"wp:attachment":[{"href":"https:\/\/atasanat.com.tr\/en\/wp-json\/wp\/v2\/media?parent=1797"}],"wp:term":[{"taxonomy":"product_cat","embeddable":true,"href":"https:\/\/atasanat.com.tr\/en\/wp-json\/wp\/v2\/product_cat?post=1797"},{"taxonomy":"product_tag","embeddable":true,"href":"https:\/\/atasanat.com.tr\/en\/wp-json\/wp\/v2\/product_tag?post=1797"}],"curies":[{"name":"wp","href":"https:\/\/api.w.org\/{rel}","templated":true}]}}