{"id":1793,"date":"2022-05-11T14:44:23","date_gmt":"2022-05-11T14:44:23","guid":{"rendered":"https:\/\/atasanat.com.tr\/?post_type=product&#038;p=1793"},"modified":"2022-05-11T14:44:23","modified_gmt":"2022-05-11T14:44:23","slug":"cupraveg","status":"publish","type":"product","link":"https:\/\/atasanat.com.tr\/en\/product\/cupraveg\/","title":{"rendered":"CUPRAVEG"},"content":{"rendered":"","protected":false},"excerpt":{"rendered":"<ul>\n<li>Ekolojik tar\u0131mda kullan\u0131labilir sertifikalar\u0131 vard\u0131r. (CAAE) (GOTS)<\/li>\n<li>Bitkilerde sistemik etkiye sahiptir.<\/li>\n<li>Uygulamalarda bitkileri strese sokmaz.<\/li>\n<li>Bitkilerin direncini artt\u0131r\u0131r.<\/li>\n<li>Meyvelerde leke ve kal\u0131nt\u0131 yapmaz.<\/li>\n<li>Ya\u011fmurdan 30 dakika \u00f6nce meyve a\u011fa\u00e7lar\u0131na at\u0131ld\u0131\u011f\u0131nda y\u0131kan\u0131p gitmez.<\/li>\n<li>Cupraveg i\u00e7eri\u011findeki bak\u0131r nedeniyle bitkileri baz\u0131 hastal\u0131klardan koruyucu ve tedavi edici bir etkiye sahiptir.<\/li>\n<li>Cupraveg bitkilerin epidermisine penetre (i\u00e7ine girmek) olup harap eden mantarlara kar\u015f\u0131 enzimlerin daha dayan\u0131kl\u0131 olmas\u0131n\u0131 sa\u011flar.<\/li>\n<\/ul>","protected":false},"featured_media":1794,"comment_status":"open","ping_status":"closed","template":"","meta":[],"product_cat":[24],"product_tag":[],"class_list":["post-1793","product","type-product","status-publish","has-post-thumbnail","hentry","product_cat-gubre","align-left","box-shadow-0","box-shadow-0-hover","ast-product-gallery-layout-horizontal","ast-product-gallery-with-no-image","ast-product-tabs-layout-horizontal"],"_links":{"self":[{"href":"https:\/\/atasanat.com.tr\/en\/wp-json\/wp\/v2\/product\/1793","targetHints":{"allow":["GET"]}}],"collection":[{"href":"https:\/\/atasanat.com.tr\/en\/wp-json\/wp\/v2\/product"}],"about":[{"href":"https:\/\/atasanat.com.tr\/en\/wp-json\/wp\/v2\/types\/product"}],"replies":[{"embeddable":true,"href":"https:\/\/atasanat.com.tr\/en\/wp-json\/wp\/v2\/comments?post=1793"}],"wp:featuredmedia":[{"embeddable":true,"href":"https:\/\/atasanat.com.tr\/en\/wp-json\/wp\/v2\/media\/1794"}],"wp:attachment":[{"href":"https:\/\/atasanat.com.tr\/en\/wp-json\/wp\/v2\/media?parent=1793"}],"wp:term":[{"taxonomy":"product_cat","embeddable":true,"href":"https:\/\/atasanat.com.tr\/en\/wp-json\/wp\/v2\/product_cat?post=1793"},{"taxonomy":"product_tag","embeddable":true,"href":"https:\/\/atasanat.com.tr\/en\/wp-json\/wp\/v2\/product_tag?post=1793"}],"curies":[{"name":"wp","href":"https:\/\/api.w.org\/{rel}","templated":true}]}}