{"id":1790,"date":"2022-05-11T14:36:27","date_gmt":"2022-05-11T14:36:27","guid":{"rendered":"https:\/\/atasanat.com.tr\/?post_type=product&#038;p=1790"},"modified":"2022-05-11T14:36:27","modified_gmt":"2022-05-11T14:36:27","slug":"agrophite-powder","status":"publish","type":"product","link":"https:\/\/atasanat.com.tr\/en\/product\/agrophite-powder\/","title":{"rendered":"AGROPH\u0130TE POWDER"},"content":{"rendered":"","protected":false},"excerpt":{"rendered":"<ul>\n<li>Kat\u0131 formda ve 0.04 mikron partik\u00fcl irili\u011finde y\u00fcksek oranda \u00e7inko ve mangan i\u00e7erikli bir yaprak g\u00fcbresidir.<\/li>\n<li>Fotosentez ve bitkilerde \u00e7e\u015fitli enzimlerin i\u015fleyi\u015fiminde etkilidir, ayn\u0131 zamanda protein ve karbonhidrat olu\u015fumunda rol oynar.<\/li>\n<li>Noksanl\u0131klar\u0131 durumunda bitki geli\u015fiminde, yaprak boyunda azalma, yaprak \u015feklinde bozulma, meyve boyu ve geli\u015fiminde azalmalar g\u00f6r\u00fcl\u00fcr.<\/li>\n<li>Suda tamamen \u00e7\u00f6z\u00fcnebilen Agrophite Powder s\u0131cak ve so\u011fu\u011fa dayan\u0131kl\u0131l\u0131k sa\u011flar.<\/li>\n<li>Bitkilerde g\u00f6z olu\u015fumunu ve meyve d\u00f6neminde en fazla ihtiya\u00e7 duyulan isteklerini kar\u015f\u0131lar. \u00d6zellikle fazla miktarda fosforlu g\u00fcbreleme \u00e7inko noksanl\u0131\u011f\u0131na neden olur.<\/li>\n<li>Bitkilerin \u00e7i\u00e7eklenme \u00f6ncesi haz\u0131rl\u0131k d\u00f6nemlerinde uygulama yap\u0131larak iyi bir tomurcuklanma ve \u00e7i\u00e7eklerde polen olu\u015fumunu sa\u011flar. Polen canl\u0131l\u0131k s\u00fcresini artt\u0131rarak d\u00f6llenmenin olumsuz iklim \u015fartlar\u0131nda bile en y\u00fcksek verim elde etmeyi sa\u011flar.<\/li>\n<li>Mn eksikli\u011fi kire\u00e7li ve pH&#8217;\u0131 y\u00fcksek olan topraklar \u00fczerinde yeti\u015ftirilen bitkilerde daha \u00e7ok g\u00f6r\u00fcl\u00fcr. Mangan hareketi bitkilerde yava\u015f oldu\u011fundan genellikle yapraktan 3-4 defa uygulanmal\u0131d\u0131r. Mangan noksanl\u0131\u011f\u0131 so\u011fuk ve ya\u011f\u0131\u015fl\u0131 mevsimlerde daha fazla g\u00f6r\u00fclmektedir.<\/li>\n<\/ul>","protected":false},"featured_media":1791,"comment_status":"open","ping_status":"closed","template":"","meta":[],"product_cat":[24],"product_tag":[],"class_list":["post-1790","product","type-product","status-publish","has-post-thumbnail","hentry","product_cat-gubre","align-left","box-shadow-0","box-shadow-0-hover","ast-product-gallery-layout-horizontal","ast-product-gallery-with-no-image","ast-product-tabs-layout-horizontal"],"_links":{"self":[{"href":"https:\/\/atasanat.com.tr\/en\/wp-json\/wp\/v2\/product\/1790","targetHints":{"allow":["GET"]}}],"collection":[{"href":"https:\/\/atasanat.com.tr\/en\/wp-json\/wp\/v2\/product"}],"about":[{"href":"https:\/\/atasanat.com.tr\/en\/wp-json\/wp\/v2\/types\/product"}],"replies":[{"embeddable":true,"href":"https:\/\/atasanat.com.tr\/en\/wp-json\/wp\/v2\/comments?post=1790"}],"wp:featuredmedia":[{"embeddable":true,"href":"https:\/\/atasanat.com.tr\/en\/wp-json\/wp\/v2\/media\/1791"}],"wp:attachment":[{"href":"https:\/\/atasanat.com.tr\/en\/wp-json\/wp\/v2\/media?parent=1790"}],"wp:term":[{"taxonomy":"product_cat","embeddable":true,"href":"https:\/\/atasanat.com.tr\/en\/wp-json\/wp\/v2\/product_cat?post=1790"},{"taxonomy":"product_tag","embeddable":true,"href":"https:\/\/atasanat.com.tr\/en\/wp-json\/wp\/v2\/product_tag?post=1790"}],"curies":[{"name":"wp","href":"https:\/\/api.w.org\/{rel}","templated":true}]}}