{"id":1772,"date":"2022-05-11T13:00:57","date_gmt":"2022-05-11T13:00:57","guid":{"rendered":"https:\/\/atasanat.com.tr\/?post_type=product&#038;p=1772"},"modified":"2022-05-11T13:00:57","modified_gmt":"2022-05-11T13:00:57","slug":"system-cu","status":"publish","type":"product","link":"https:\/\/atasanat.com.tr\/en\/product\/system-cu\/","title":{"rendered":"SYSTEM-CU"},"content":{"rendered":"","protected":false},"excerpt":{"rendered":"<ul>\n<li>Bitkinin b\u00fcy\u00fcme sistemleri ve do\u011fal savunmalar\u0131yla ilgili bir\u00e7ok enzim reaksiyonlar\u0131nda kataliz\u00f6r olarak kullan\u0131lan organik asitlerle g\u00fc\u00e7lendirilmi\u015f bak\u0131ra dayal\u0131 bir \u00fcr\u00fcnd\u00fcr.<\/li>\n<li>System-Cu&#8217;nun i\u00e7eri\u011finde do\u011fal hormonlar ve bak\u0131r nedeniyle bu \u00fcr\u00fcn\u00fcn kullan\u0131m\u0131 baz\u0131 bakteri ve funguslara kar\u015f\u0131 narenciyede phytophtera, \u00fcz\u00fcmde mildiy\u00f6, seralarda ve s\u00fcs bitkilerinde fusarium (oxysporum-radici) gibi hastal\u0131klardan koruyucu ve tedavi edici bir etkiye sahiptir.<\/li>\n<li>System-Cu bitki h\u00fccrelerini kaplad\u0131\u011f\u0131 zaman mantarlar\u0131n fiziksel mekanizmalar\u0131n\u0131n b\u00fct\u00fcnl\u00fc\u011f\u00fcn\u00fc azalt\u0131r. Bu yolla mantar sporlar\u0131n\u0131n bitki y\u00fczeyine yap\u0131\u015fkanl\u0131\u011f\u0131n\u0131, \u00e7o\u011falmas\u0131n\u0131 azalt\u0131r. Bu mantarlar\u0131n \u00fcretken t\u00fcrlerinin \u015fekillenmesinin ve uzamas\u0131n\u0131n azalmas\u0131 anlam\u0131na gelir.<\/li>\n<li>Bitkilerin k\u00f6klerine uyguland\u0131\u011f\u0131nda tedavi edici \u00f6zelli\u011finin yan\u0131nda i\u00e7erisindeki do\u011fal bitki \u00f6z\u00fc ve aminoasit sayesinde bitkilerin sa\u011fl\u0131kl\u0131 bir \u015fekilde k\u00f6klenmesini sa\u011flar.<\/li>\n<li>Bitkilerin iletim demetlerini temizlemektedir.<\/li>\n<li>Bitkilerin g\u00f6vdesinde olu\u015fan yaralanm\u0131\u015f dokular\u0131na \u00fcstten uygulama yap\u0131labilir. Bu nedenle bitki b\u00fcnyesine n\u00fcfuz edecek hastal\u0131k etmenlerini etkisiz hale getirir.<\/li>\n<\/ul>","protected":false},"featured_media":1776,"comment_status":"open","ping_status":"closed","template":"","meta":[],"product_cat":[24],"product_tag":[],"class_list":["post-1772","product","type-product","status-publish","has-post-thumbnail","hentry","product_cat-gubre","align-left","box-shadow-0","box-shadow-0-hover","ast-product-gallery-layout-horizontal","ast-product-gallery-with-no-image","ast-product-tabs-layout-horizontal"],"_links":{"self":[{"href":"https:\/\/atasanat.com.tr\/en\/wp-json\/wp\/v2\/product\/1772","targetHints":{"allow":["GET"]}}],"collection":[{"href":"https:\/\/atasanat.com.tr\/en\/wp-json\/wp\/v2\/product"}],"about":[{"href":"https:\/\/atasanat.com.tr\/en\/wp-json\/wp\/v2\/types\/product"}],"replies":[{"embeddable":true,"href":"https:\/\/atasanat.com.tr\/en\/wp-json\/wp\/v2\/comments?post=1772"}],"wp:featuredmedia":[{"embeddable":true,"href":"https:\/\/atasanat.com.tr\/en\/wp-json\/wp\/v2\/media\/1776"}],"wp:attachment":[{"href":"https:\/\/atasanat.com.tr\/en\/wp-json\/wp\/v2\/media?parent=1772"}],"wp:term":[{"taxonomy":"product_cat","embeddable":true,"href":"https:\/\/atasanat.com.tr\/en\/wp-json\/wp\/v2\/product_cat?post=1772"},{"taxonomy":"product_tag","embeddable":true,"href":"https:\/\/atasanat.com.tr\/en\/wp-json\/wp\/v2\/product_tag?post=1772"}],"curies":[{"name":"wp","href":"https:\/\/api.w.org\/{rel}","templated":true}]}}