{"id":1769,"date":"2022-05-11T11:46:03","date_gmt":"2022-05-11T11:46:03","guid":{"rendered":"https:\/\/atasanat.com.tr\/?post_type=product&#038;p=1769"},"modified":"2022-05-11T12:02:31","modified_gmt":"2022-05-11T12:02:31","slug":"cytopro","status":"publish","type":"product","link":"https:\/\/atasanat.com.tr\/en\/product\/cytopro\/","title":{"rendered":"CYTOPRO"},"content":{"rendered":"","protected":false},"excerpt":{"rendered":"<ul>\n<li>Havan\u0131n azotunu kullanarak g\u00fcbre girdilerini azalt\u0131r.<\/li>\n<li>Topra\u011f\u0131n yap\u0131s\u0131n\u0131 ve ge\u00e7irgenli\u011fini artt\u0131r\u0131r.<\/li>\n<li>Filizlenmeyi te\u015fvik eder, yaprak say\u0131s\u0131n\u0131 ve b\u00fcy\u00fckl\u00fc\u011f\u00fcn\u00fc artt\u0131r\u0131r. Buna ba\u011fl\u0131 olarak fotosentezi h\u0131zland\u0131r\u0131r.<\/li>\n<li>Olumsuz hava ko\u015fullar\u0131 hormonal dengesizlik ve bir\u00e7ok nedenden kaynaklanan \u00e7i\u00e7ek ve meyve d\u00f6k\u00fclmesi gibi problemlerin ortadan kalkmas\u0131na yard\u0131mc\u0131 olur.<\/li>\n<li>Tohumlara uyguland\u0131\u011f\u0131nda \u00e7imlenme kabiliyetlerini y\u00fckseltir, bitkilerin \u00e7abuk, sa\u011fl\u0131kl\u0131 geli\u015fimini sa\u011flar.<\/li>\n<li>Fumigasyon ve solarizasyon sonras\u0131 ekilen bitkilerin bodur kalmas\u0131n\u0131 \u00f6nler.<\/li>\n<li>\u015ea\u015f\u0131rtma esnas\u0131ndaki fide \u015fokunu ve fide \u00f6l\u00fcmlerini minimize eder.<\/li>\n<li>Meyve ve \u00fcr\u00fcnlerin uniform olmas\u0131n\u0131 sa\u011flar.<\/li>\n<\/ul>","protected":false},"featured_media":1774,"comment_status":"open","ping_status":"closed","template":"","meta":[],"product_cat":[24],"product_tag":[],"class_list":["post-1769","product","type-product","status-publish","has-post-thumbnail","hentry","product_cat-gubre","align-left","box-shadow-0","box-shadow-0-hover","ast-product-gallery-layout-horizontal","ast-product-gallery-with-no-image","ast-product-tabs-layout-horizontal"],"_links":{"self":[{"href":"https:\/\/atasanat.com.tr\/en\/wp-json\/wp\/v2\/product\/1769","targetHints":{"allow":["GET"]}}],"collection":[{"href":"https:\/\/atasanat.com.tr\/en\/wp-json\/wp\/v2\/product"}],"about":[{"href":"https:\/\/atasanat.com.tr\/en\/wp-json\/wp\/v2\/types\/product"}],"replies":[{"embeddable":true,"href":"https:\/\/atasanat.com.tr\/en\/wp-json\/wp\/v2\/comments?post=1769"}],"wp:featuredmedia":[{"embeddable":true,"href":"https:\/\/atasanat.com.tr\/en\/wp-json\/wp\/v2\/media\/1774"}],"wp:attachment":[{"href":"https:\/\/atasanat.com.tr\/en\/wp-json\/wp\/v2\/media?parent=1769"}],"wp:term":[{"taxonomy":"product_cat","embeddable":true,"href":"https:\/\/atasanat.com.tr\/en\/wp-json\/wp\/v2\/product_cat?post=1769"},{"taxonomy":"product_tag","embeddable":true,"href":"https:\/\/atasanat.com.tr\/en\/wp-json\/wp\/v2\/product_tag?post=1769"}],"curies":[{"name":"wp","href":"https:\/\/api.w.org\/{rel}","templated":true}]}}