{"id":1762,"date":"2022-05-10T14:41:22","date_gmt":"2022-05-10T14:41:22","guid":{"rendered":"https:\/\/atasanat.com.tr\/?post_type=product&#038;p=1762"},"modified":"2022-05-11T12:03:07","modified_gmt":"2022-05-11T12:03:07","slug":"florin","status":"publish","type":"product","link":"https:\/\/atasanat.com.tr\/en\/product\/florin\/","title":{"rendered":"FLOR\u0130N"},"content":{"rendered":"","protected":false},"excerpt":{"rendered":"<ul>\n<li>\u0130\u00e7erisinde bulunan fosforun molek\u00fcl yap\u0131s\u0131 kendi s\u0131n\u0131f\u0131nda bulunan g\u00fcbrelere g\u00f6re daha k\u00fc\u00e7\u00fckt\u00fcr.<\/li>\n<li>Florin teknoloji \u00fcr\u00fcn\u00fc olup k\u00fc\u00e7\u00fck molek\u00fcl\u00fc oldu\u011fu i\u00e7in a\u015f\u0131r\u0131 s\u0131cak, a\u015f\u0131r\u0131 so\u011fuk ve olumsuz toprak s\u0131cakl\u0131klar\u0131nda kendi s\u0131n\u0131f\u0131nda bulunan g\u00fcbrelere g\u00f6re al\u0131m\u0131 daha fazla ve h\u0131zl\u0131d\u0131r. Di\u011fer g\u00fcbrelere g\u00f6re daha az miktarlarda kullan\u0131l\u0131r.<\/li>\n<li>\u0130\u00e7eri\u011findeki fosfor bitkiye enerji veren ATP i\u00e7in \u00f6nemlidir ve \u00e7i\u00e7eklenmeyi te\u015fvik eder.<\/li>\n<li>Suyun ve topra\u011f\u0131n pH&#8217;\u0131n\u0131 dengeler.<\/li>\n<li>\u0130\u00e7erisindeki azot bitkilerde yaprak ve g\u00f6vde olu\u015fumunu te\u015fvik eder.<\/li>\n<li>\u0130\u00e7erisindeki y\u00fcksek oranda fosfor bitkilerde \u00e7i\u00e7eklenme, k\u00f6k geli\u015fimi, tohum ve meyve olu\u015fumunda \u00f6nemli rol oynamaktad\u0131r.<\/li>\n<li>Bitki metabolizmas\u0131nda enerji transferinde b\u00fcy\u00fck rol almakta, \u015feker ve ni\u015fasta gibi maddelerin olu\u015fumunda etkili olmaktad\u0131r.<\/li>\n<li>Bitkilerde yeni h\u00fccrelerin olu\u015fmas\u0131, bunlar\u0131n b\u00fcy\u00fcmesinde rol oynamaktad\u0131r.<\/li>\n<\/ul>","protected":false},"featured_media":1775,"comment_status":"open","ping_status":"closed","template":"","meta":[],"product_cat":[24],"product_tag":[],"class_list":["post-1762","product","type-product","status-publish","has-post-thumbnail","hentry","product_cat-gubre","align-left","box-shadow-0","box-shadow-0-hover","ast-product-gallery-layout-horizontal","ast-product-gallery-with-no-image","ast-product-tabs-layout-horizontal"],"_links":{"self":[{"href":"https:\/\/atasanat.com.tr\/en\/wp-json\/wp\/v2\/product\/1762","targetHints":{"allow":["GET"]}}],"collection":[{"href":"https:\/\/atasanat.com.tr\/en\/wp-json\/wp\/v2\/product"}],"about":[{"href":"https:\/\/atasanat.com.tr\/en\/wp-json\/wp\/v2\/types\/product"}],"replies":[{"embeddable":true,"href":"https:\/\/atasanat.com.tr\/en\/wp-json\/wp\/v2\/comments?post=1762"}],"wp:featuredmedia":[{"embeddable":true,"href":"https:\/\/atasanat.com.tr\/en\/wp-json\/wp\/v2\/media\/1775"}],"wp:attachment":[{"href":"https:\/\/atasanat.com.tr\/en\/wp-json\/wp\/v2\/media?parent=1762"}],"wp:term":[{"taxonomy":"product_cat","embeddable":true,"href":"https:\/\/atasanat.com.tr\/en\/wp-json\/wp\/v2\/product_cat?post=1762"},{"taxonomy":"product_tag","embeddable":true,"href":"https:\/\/atasanat.com.tr\/en\/wp-json\/wp\/v2\/product_tag?post=1762"}],"curies":[{"name":"wp","href":"https:\/\/api.w.org\/{rel}","templated":true}]}}