{"id":278,"date":"2021-09-06T11:28:27","date_gmt":"2021-09-06T11:28:27","guid":{"rendered":"http:\/\/atasanat.com.tr\/?page_id=278"},"modified":"2021-09-22T09:33:40","modified_gmt":"2021-09-22T09:33:40","slug":"hakkimizda","status":"publish","type":"page","link":"https:\/\/atasanat.com.tr\/en\/hakkimizda\/","title":{"rendered":"About Us"},"content":{"rendered":"<div data-elementor-type=\"wp-page\" data-elementor-id=\"278\" class=\"elementor elementor-278\" data-elementor-settings=\"[]\">\n\t\t\t\t\t\t\t<div class=\"elementor-section-wrap\">\n\t\t\t\t\t\t\t<section class=\"elementor-section elementor-top-section elementor-element elementor-element-112a523 elementor-section-full_width elementor-section-height-min-height elementor-section-height-default elementor-section-items-middle\" data-id=\"112a523\" data-element_type=\"section\">\n\t\t\t\t\t\t<div class=\"elementor-container elementor-column-gap-no\">\n\t\t\t\t\t<div class=\"elementor-column elementor-col-100 elementor-top-column elementor-element elementor-element-903dbe0\" data-id=\"903dbe0\" data-element_type=\"column\">\n\t\t\t<div class=\"elementor-widget-wrap elementor-element-populated\">\n\t\t\t\t\t\t\t\t<section class=\"elementor-section elementor-inner-section elementor-element elementor-element-e2aba0c elementor-section-full_width elementor-section-height-min-height elementor-section-content-bottom elementor-section-height-default\" data-id=\"e2aba0c\" data-element_type=\"section\" data-settings=\"{&quot;background_background&quot;:&quot;classic&quot;}\">\n\t\t\t\t\t\t<div class=\"elementor-container elementor-column-gap-no\">\n\t\t\t\t\t<div class=\"elementor-column elementor-col-100 elementor-inner-column elementor-element elementor-element-3e93569\" data-id=\"3e93569\" data-element_type=\"column\">\n\t\t\t<div class=\"elementor-widget-wrap\">\n\t\t\t\t\t\t\t\t\t<\/div>\n\t\t<\/div>\n\t\t\t\t\t\t\t<\/div>\n\t\t<\/section>\n\t\t\t\t<section class=\"elementor-section elementor-inner-section elementor-element elementor-element-ba8d5cc elementor-section-full_width elementor-section-height-min-height elementor-section-height-default\" data-id=\"ba8d5cc\" data-element_type=\"section\" data-settings=\"{&quot;background_background&quot;:&quot;classic&quot;}\">\n\t\t\t\t\t\t<div class=\"elementor-container elementor-column-gap-no\">\n\t\t\t\t\t<div class=\"elementor-column elementor-col-100 elementor-inner-column elementor-element elementor-element-656b0bd\" data-id=\"656b0bd\" data-element_type=\"column\">\n\t\t\t<div class=\"elementor-widget-wrap elementor-element-populated\">\n\t\t\t\t\t\t\t\t<div class=\"elementor-element elementor-element-f1c46dc elementor-widget elementor-widget-heading\" data-id=\"f1c46dc\" data-element_type=\"widget\" data-widget_type=\"heading.default\">\n\t\t\t\t<div class=\"elementor-widget-container\">\n\t\t\t<h1 class=\"elementor-heading-title elementor-size-default\">ABOUT US<\/h1>\t\t<\/div>\n\t\t\t\t<\/div>\n\t\t\t\t\t<\/div>\n\t\t<\/div>\n\t\t\t\t\t\t\t<\/div>\n\t\t<\/section>\n\t\t\t\t<section class=\"elementor-section elementor-inner-section elementor-element elementor-element-c368e24 elementor-section-full_width elementor-section-height-min-height elementor-section-height-default\" data-id=\"c368e24\" data-element_type=\"section\" data-settings=\"{&quot;background_background&quot;:&quot;classic&quot;}\">\n\t\t\t\t\t\t<div class=\"elementor-container elementor-column-gap-no\">\n\t\t\t\t\t<div class=\"elementor-column elementor-col-100 elementor-inner-column elementor-element elementor-element-ec08835\" data-id=\"ec08835\" data-element_type=\"column\">\n\t\t\t<div class=\"elementor-widget-wrap\">\n\t\t\t\t\t\t\t\t\t<\/div>\n\t\t<\/div>\n\t\t\t\t\t\t\t<\/div>\n\t\t<\/section>\n\t\t\t\t\t<\/div>\n\t\t<\/div>\n\t\t\t\t\t\t\t<\/div>\n\t\t<\/section>\n\t\t\t\t<section class=\"elementor-section elementor-top-section elementor-element elementor-element-fefddce elementor-section-boxed elementor-section-height-default elementor-section-height-default\" data-id=\"fefddce\" data-element_type=\"section\">\n\t\t\t\t\t\t<div class=\"elementor-container elementor-column-gap-default\">\n\t\t\t\t\t<div class=\"elementor-column elementor-col-100 elementor-top-column elementor-element elementor-element-88e4a15\" data-id=\"88e4a15\" data-element_type=\"column\">\n\t\t\t<div class=\"elementor-widget-wrap elementor-element-populated\">\n\t\t\t\t\t\t\t\t<div class=\"elementor-element elementor-element-8341306 elementor-widget elementor-widget-text-editor\" data-id=\"8341306\" data-element_type=\"widget\" data-widget_type=\"text-editor.default\">\n\t\t\t\t<div class=\"elementor-widget-container\">\n\t\t\t\t\t<div class=\"elementor-text-editor elementor-clearfix\"><p style=\"font-size: 16px; font-style: normal; font-weight: 400;\"><span style=\"font-style: inherit; font-weight: inherit; color: var( --e-global-color-text );\">&nbsp; &nbsp;Ata Sanat Agricultural Marketing and Consultancy Trade Joint Stock Company, which was established in 2016 with a partnership and team spirit with different regions and information, serves in the organic, organomineral, chemical fertilizers group with philoshopy of \"Producing \u0130s Art\" with its field oriented structure that is always next to the producers.<\/span><\/p>\n<p style=\"font-size: 16px; font-style: normal; font-weight: 400;\">&nbsp; &nbsp;Ata Sanat Agricultural Marketing and Consultancy Trade Joint Stock Company has made it its mission to serve agricultural producers and growers for the development of agriculture in Turkey. While offering quality products to consumers, our aim is to teach the benefits of agricultural products at the same time and to ensure that the society has more healthy information. We work in this direction, we contiune to create and produce synergy.<\/p>\n<p style=\"font-size: 16px; font-style: normal; font-weight: 400;\">&nbsp; &nbsp;Not only does it provide a short-term increase \nn product, but our country follows many innovations by using information and information technologies in the agricultural sector in improving soil quality and ensuring sustainability of productivity.<\/p><\/div>\n\t\t\t\t<\/div>\n\t\t\t\t<\/div>\n\t\t\t\t\t<\/div>\n\t\t<\/div>\n\t\t\t\t\t\t\t<\/div>\n\t\t<\/section>\n\t\t\t\t\t\t<\/div>\n\t\t\t\t\t<\/div>","protected":false},"excerpt":{"rendered":"<p>HAKKIMIZDA &nbsp; &nbsp;Ata Sanat Tar\u0131msal Pazarlama ve Dan\u0131\u015fmanl\u0131k Sanayi Ticaret A.\u015e. 2016 y\u0131l\u0131nda farkl\u0131 b\u00f6lge ve bilgilere sahip ortakl\u0131\u011f\u0131 ve ekip ruhuyla kurulan firmam\u0131z, saha odakl\u0131 her daim \u00fcreticinin yan\u0131nda olan yap\u0131s\u0131 &#8221; \u00dcretmek Sanatt\u0131r &#8221; felsefesiyle organik, organomineral, kimyevi g\u00fcbreler grubunda hizmet vermektedir. &nbsp; &nbsp;Ata Sanat Tar\u0131msal Pazarlama ve Dan\u0131\u015fmanl\u0131k Sanayi Ticaret A.\u015e.&nbsp; T\u00fcrkiye &hellip;<\/p>\n<p class=\"read-more\"> <a class=\"\" href=\"https:\/\/atasanat.com.tr\/en\/hakkimizda\/\"> <span class=\"screen-reader-text\">About Us<\/span> Read More \u00bb<\/a><\/p>","protected":false},"author":1,"featured_media":0,"parent":0,"menu_order":0,"comment_status":"closed","ping_status":"closed","template":"elementor_header_footer","meta":{"footnotes":""},"class_list":["post-278","page","type-page","status-publish","hentry"],"_links":{"self":[{"href":"https:\/\/atasanat.com.tr\/en\/wp-json\/wp\/v2\/pages\/278","targetHints":{"allow":["GET"]}}],"collection":[{"href":"https:\/\/atasanat.com.tr\/en\/wp-json\/wp\/v2\/pages"}],"about":[{"href":"https:\/\/atasanat.com.tr\/en\/wp-json\/wp\/v2\/types\/page"}],"author":[{"embeddable":true,"href":"https:\/\/atasanat.com.tr\/en\/wp-json\/wp\/v2\/users\/1"}],"replies":[{"embeddable":true,"href":"https:\/\/atasanat.com.tr\/en\/wp-json\/wp\/v2\/comments?post=278"}],"version-history":[{"count":38,"href":"https:\/\/atasanat.com.tr\/en\/wp-json\/wp\/v2\/pages\/278\/revisions"}],"predecessor-version":[{"id":796,"href":"https:\/\/atasanat.com.tr\/en\/wp-json\/wp\/v2\/pages\/278\/revisions\/796"}],"wp:attachment":[{"href":"https:\/\/atasanat.com.tr\/en\/wp-json\/wp\/v2\/media?parent=278"}],"curies":[{"name":"wp","href":"https:\/\/api.w.org\/{rel}","templated":true}]}}